{"id":62,"date":"2023-04-02T19:13:25","date_gmt":"2023-04-02T19:13:25","guid":{"rendered":"https:\/\/ciudadmedicaelsalvador.com\/?page_id=62"},"modified":"2023-04-04T21:17:44","modified_gmt":"2023-04-04T21:17:44","slug":"servicios","status":"publish","type":"page","link":"https:\/\/ciudadmedicaelsalvador.com\/index.php\/servicios\/","title":{"rendered":"Servicios que ofrecemos"},"content":{"rendered":"\t\t<div data-elementor-type=\"wp-page\" data-elementor-id=\"62\" class=\"elementor elementor-62\">\n\t\t\t\t\t\t<section class=\"elementor-section elementor-top-section elementor-element elementor-element-850b8ee elementor-section-full_width elementor-section-height-default elementor-section-height-default\" data-id=\"850b8ee\" data-element_type=\"section\">\n\t\t\t\t\t\t<div class=\"elementor-container elementor-column-gap-default\">\n\t\t\t\t\t<div class=\"elementor-column elementor-col-100 elementor-top-column elementor-element elementor-element-1a3f2bd\" data-id=\"1a3f2bd\" data-element_type=\"column\">\n\t\t\t<div class=\"elementor-widget-wrap elementor-element-populated\">\n\t\t\t\t\t\t<div class=\"elementor-element elementor-element-f162924 elementor-widget elementor-widget-video\" data-id=\"f162924\" data-element_type=\"widget\" data-settings=\"{&quot;video_type&quot;:&quot;hosted&quot;,&quot;autoplay&quot;:&quot;yes&quot;,&quot;play_on_mobile&quot;:&quot;yes&quot;,&quot;controls&quot;:&quot;yes&quot;}\" data-widget_type=\"video.default\">\n\t\t\t\t<div class=\"elementor-widget-container\">\n\t\t\t\t\t\t\t<div class=\"e-hosted-video elementor-wrapper elementor-open-inline\">\n\t\t\t\t\t<video class=\"elementor-video\" src=\"https:\/\/ciudadmedicaelsalvador.com\/wp-content\/uploads\/2023\/04\/AMAZING-Dental-Implant-Process-3d-Animation-1080p_30fps_H264-128kbit_AAC.mp4\" autoplay=\"\" controls=\"\" playsinline=\"\" controlsList=\"nodownload\"><\/video>\n\t\t\t\t<\/div>\n\t\t\t\t\t\t<\/div>\n\t\t\t\t<\/div>\n\t\t\t\t<div class=\"elementor-element elementor-element-efb4e8a elementor-widget elementor-widget-heading\" data-id=\"efb4e8a\" data-element_type=\"widget\" data-widget_type=\"heading.default\">\n\t\t\t\t<div class=\"elementor-widget-container\">\n\t\t\t\t\t<h2 class=\"elementor-heading-title elementor-size-default\">Servicios M\u00e9dicos que ofrecemos<br><\/h2>\t\t\t\t<\/div>\n\t\t\t\t<\/div>\n\t\t\t\t<div class=\"elementor-element elementor-element-1a14088 elementor-arrows-position-outside elementor-widget__width-initial elementor-pagination-position-outside elementor-invisible elementor-widget elementor-widget-image-carousel\" data-id=\"1a14088\" data-element_type=\"widget\" data-settings=\"{&quot;slides_to_show&quot;:&quot;1&quot;,&quot;_animation&quot;:&quot;fadeInLeft&quot;,&quot;navigation&quot;:&quot;both&quot;,&quot;autoplay&quot;:&quot;yes&quot;,&quot;pause_on_hover&quot;:&quot;yes&quot;,&quot;pause_on_interaction&quot;:&quot;yes&quot;,&quot;autoplay_speed&quot;:5000,&quot;infinite&quot;:&quot;yes&quot;,&quot;effect&quot;:&quot;slide&quot;,&quot;speed&quot;:500}\" data-widget_type=\"image-carousel.default\">\n\t\t\t\t<div class=\"elementor-widget-container\">\n\t\t\t\t\t\t\t<div class=\"elementor-image-carousel-wrapper swiper\" role=\"region\" aria-roledescription=\"carousel\" aria-label=\"Carrusel de im\u00e1genes\" dir=\"ltr\">\n\t\t\t<div class=\"elementor-image-carousel swiper-wrapper\" aria-live=\"off\">\n\t\t\t\t\t\t\t\t<div class=\"swiper-slide\" role=\"group\" aria-roledescription=\"slide\" aria-label=\"1 de 9\"><figure class=\"swiper-slide-inner\"><img decoding=\"async\" class=\"swiper-slide-image\" src=\"https:\/\/ciudadmedicaelsalvador.com\/wp-content\/uploads\/2023\/04\/adobestock-250561086.jpg\" alt=\"Puente sobre Implantes Dentales\" \/><figcaption class=\"elementor-image-carousel-caption\">Puente sobre Implantes Dentales<\/figcaption><\/figure><\/div><div class=\"swiper-slide\" role=\"group\" aria-roledescription=\"slide\" aria-label=\"2 de 9\"><figure class=\"swiper-slide-inner\"><img decoding=\"async\" class=\"swiper-slide-image\" src=\"https:\/\/ciudadmedicaelsalvador.com\/wp-content\/uploads\/2023\/04\/BLANQUEAMIENTO-DENTAL.jpg\" alt=\"Blanqueamiento Dental\" \/><figcaption class=\"elementor-image-carousel-caption\">Blanqueamiento Dental<\/figcaption><\/figure><\/div><div class=\"swiper-slide\" role=\"group\" aria-roledescription=\"slide\" aria-label=\"3 de 9\"><figure class=\"swiper-slide-inner\"><img decoding=\"async\" class=\"swiper-slide-image\" src=\"https:\/\/ciudadmedicaelsalvador.com\/wp-content\/uploads\/2023\/04\/CARILLAS-DE-PORCELANA.jpg\" alt=\"Carillas de Porcelana\" \/><figcaption class=\"elementor-image-carousel-caption\">Carillas de Porcelana<\/figcaption><\/figure><\/div><div class=\"swiper-slide\" role=\"group\" aria-roledescription=\"slide\" aria-label=\"4 de 9\"><figure class=\"swiper-slide-inner\"><img decoding=\"async\" class=\"swiper-slide-image\" src=\"https:\/\/ciudadmedicaelsalvador.com\/wp-content\/uploads\/2023\/04\/CORONAS-DE-PORCELANA.png\" alt=\"Coronas sin metal\" \/><figcaption class=\"elementor-image-carousel-caption\">Coronas sin metal<\/figcaption><\/figure><\/div><div class=\"swiper-slide\" role=\"group\" aria-roledescription=\"slide\" aria-label=\"5 de 9\"><figure class=\"swiper-slide-inner\"><img decoding=\"async\" class=\"swiper-slide-image\" src=\"https:\/\/ciudadmedicaelsalvador.com\/wp-content\/uploads\/2023\/04\/dental-implants-model-2.jpg\" alt=\"2 Implantes Dentales\" \/><figcaption class=\"elementor-image-carousel-caption\">2 Implantes Dentales<\/figcaption><\/figure><\/div><div class=\"swiper-slide\" role=\"group\" aria-roledescription=\"slide\" aria-label=\"6 de 9\"><figure class=\"swiper-slide-inner\"><img decoding=\"async\" class=\"swiper-slide-image\" src=\"https:\/\/ciudadmedicaelsalvador.com\/wp-content\/uploads\/2023\/04\/full-arch-dental-implant-illustration_1727881345.webp\" alt=\"Protesis Completa sobre Implantes\" \/><figcaption class=\"elementor-image-carousel-caption\">Protesis Completa sobre Implantes<\/figcaption><\/figure><\/div><div class=\"swiper-slide\" role=\"group\" aria-roledescription=\"slide\" aria-label=\"7 de 9\"><figure class=\"swiper-slide-inner\"><img decoding=\"async\" class=\"swiper-slide-image\" src=\"https:\/\/ciudadmedicaelsalvador.com\/wp-content\/uploads\/2023\/04\/hvgcmfhtymypbz052sad.jpg\" alt=\"Implante Dental\" \/><figcaption class=\"elementor-image-carousel-caption\">Implante Dental<\/figcaption><\/figure><\/div><div class=\"swiper-slide\" role=\"group\" aria-roledescription=\"slide\" aria-label=\"8 de 9\"><figure class=\"swiper-slide-inner\"><img decoding=\"async\" class=\"swiper-slide-image\" src=\"https:\/\/ciudadmedicaelsalvador.com\/wp-content\/uploads\/2023\/04\/PROTESIS-DENTALES-scaled.jpg\" alt=\"Puente de Ceramica sin metal\" \/><figcaption class=\"elementor-image-carousel-caption\">Puente de Ceramica sin metal<\/figcaption><\/figure><\/div><div class=\"swiper-slide\" role=\"group\" aria-roledescription=\"slide\" aria-label=\"9 de 9\"><figure class=\"swiper-slide-inner\"><img decoding=\"async\" class=\"swiper-slide-image\" src=\"https:\/\/ciudadmedicaelsalvador.com\/wp-content\/uploads\/2023\/04\/shutterstock_658131757-scaled.jpg\" alt=\"Corona sobre Implante Dental\" \/><figcaption class=\"elementor-image-carousel-caption\">Corona sobre Implante Dental<\/figcaption><\/figure><\/div>\t\t\t<\/div>\n\t\t\t\t\t\t\t\t\t\t\t\t<div class=\"elementor-swiper-button elementor-swiper-button-prev\" role=\"button\" tabindex=\"0\">\n\t\t\t\t\t\t<i aria-hidden=\"true\" class=\"eicon-chevron-left\"><\/i>\t\t\t\t\t<\/div>\n\t\t\t\t\t<div class=\"elementor-swiper-button elementor-swiper-button-next\" role=\"button\" tabindex=\"0\">\n\t\t\t\t\t\t<i aria-hidden=\"true\" class=\"eicon-chevron-right\"><\/i>\t\t\t\t\t<\/div>\n\t\t\t\t\n\t\t\t\t\t\t\t\t\t<div class=\"swiper-pagination\"><\/div>\n\t\t\t\t\t\t\t\t\t<\/div>\n\t\t\t\t\t\t<\/div>\n\t\t\t\t<\/div>\n\t\t\t\t\t<\/div>\n\t\t<\/div>\n\t\t\t\t\t<\/div>\n\t\t<\/section>\n\t\t\t\t<section class=\"elementor-section elementor-top-section elementor-element elementor-element-ce5b0b7 elementor-section-boxed elementor-section-height-default elementor-section-height-default\" data-id=\"ce5b0b7\" data-element_type=\"section\">\n\t\t\t\t\t\t<div class=\"elementor-container elementor-column-gap-default\">\n\t\t\t\t\t<div class=\"elementor-column elementor-col-100 elementor-top-column elementor-element elementor-element-4813f4d\" data-id=\"4813f4d\" data-element_type=\"column\">\n\t\t\t<div class=\"elementor-widget-wrap elementor-element-populated\">\n\t\t\t\t\t\t<div class=\"elementor-element elementor-element-8ac25dd elementor-widget__width-initial elementor-widget elementor-widget-text-editor\" data-id=\"8ac25dd\" data-element_type=\"widget\" data-widget_type=\"text-editor.default\">\n\t\t\t\t<div class=\"elementor-widget-container\">\n\t\t\t\t\t\t\t\t\t<p>Implantes dentales: reemplazo de dientes perdidos mediante la inserci\u00f3n de implantes dentales de titanio en el hueso maxilar. Este tratamiento puede ayudar a recuperar la funcionalidad y est\u00e9tica de su sonrisa.<\/p>\n<p>Odontolog\u00eda cosm\u00e9tica: conjunto de tratamientos dentales para mejorar la apariencia est\u00e9tica de los dientes, entre los que se incluyen:<\/p>\n<ul>\n<li>Carillas de porcelana: finas capas de porcelana que se colocan en la parte frontal de los dientes para corregir imperfecciones, como manchas, fracturas o desalineaciones.<\/li>\n<li>Coronas de porcelana: recubrimientos de porcelana que se colocan en un diente da\u00f1ado para devolver su forma y funci\u00f3n.<\/li>\n<li>Blanqueamiento dental: procedimiento no invasivo para eliminar manchas y decoloraciones en los dientes.<\/li>\n<\/ul>\n<p>Periodoncia: tratamiento para tratar y prevenir las enfermedades periodontales, como la gingivitis y la periodontitis.<\/p>\n<p>Pr\u00f3tesis dentales: sustituci\u00f3n de dientes perdidos mediante pr\u00f3tesis dentales, como dentaduras o puentes.<\/p>\t\t\t\t\t\t\t\t<\/div>\n\t\t\t\t<\/div>\n\t\t\t\t\t<\/div>\n\t\t<\/div>\n\t\t\t\t\t<\/div>\n\t\t<\/section>\n\t\t\t\t<\/div>\n\t\t","protected":false},"excerpt":{"rendered":"<p>https:\/\/ciudadmedicaelsalvador.com\/wp-content\/uploads\/2023\/04\/AMAZING-Dental-Implant-Process-3d-Animation-1080p_30fps_H264-128kbit_AAC.mp4 Servicios M\u00e9dicos que ofrecemos Puente sobre Implantes Dentales Blanqueamiento Dental Carillas de Porcelana Coronas sin metal 2 Implantes Dentales Protesis Completa sobre Implantes Implante Dental Puente de Ceramica sin metal Corona sobre Implante Dental Anterior Siguiente Implantes dentales: reemplazo de dientes perdidos mediante la inserci\u00f3n de implantes dentales de titanio en el hueso maxilar. &hellip; <\/p>\n<p class=\"link-more\"><a href=\"https:\/\/ciudadmedicaelsalvador.com\/index.php\/servicios\/\" class=\"more-link\">Continuar leyendo<span class=\"screen-reader-text\"> \u00abServicios que ofrecemos\u00bb<\/span><\/a><\/p>\n","protected":false},"author":1,"featured_media":0,"parent":0,"menu_order":0,"comment_status":"closed","ping_status":"closed","template":"","meta":{"footnotes":""},"class_list":["post-62","page","type-page","status-publish","hentry"],"_links":{"self":[{"href":"https:\/\/ciudadmedicaelsalvador.com\/index.php\/wp-json\/wp\/v2\/pages\/62","targetHints":{"allow":["GET"]}}],"collection":[{"href":"https:\/\/ciudadmedicaelsalvador.com\/index.php\/wp-json\/wp\/v2\/pages"}],"about":[{"href":"https:\/\/ciudadmedicaelsalvador.com\/index.php\/wp-json\/wp\/v2\/types\/page"}],"author":[{"embeddable":true,"href":"https:\/\/ciudadmedicaelsalvador.com\/index.php\/wp-json\/wp\/v2\/users\/1"}],"replies":[{"embeddable":true,"href":"https:\/\/ciudadmedicaelsalvador.com\/index.php\/wp-json\/wp\/v2\/comments?post=62"}],"version-history":[{"count":40,"href":"https:\/\/ciudadmedicaelsalvador.com\/index.php\/wp-json\/wp\/v2\/pages\/62\/revisions"}],"predecessor-version":[{"id":250,"href":"https:\/\/ciudadmedicaelsalvador.com\/index.php\/wp-json\/wp\/v2\/pages\/62\/revisions\/250"}],"wp:attachment":[{"href":"https:\/\/ciudadmedicaelsalvador.com\/index.php\/wp-json\/wp\/v2\/media?parent=62"}],"curies":[{"name":"wp","href":"https:\/\/api.w.org\/{rel}","templated":true}]}}