{"id":69,"date":"2023-04-02T19:16:12","date_gmt":"2023-04-02T19:16:12","guid":{"rendered":"https:\/\/ciudadmedicaelsalvador.com\/?page_id=69"},"modified":"2023-04-04T05:54:42","modified_gmt":"2023-04-04T05:54:42","slug":"acerca-de-nosotros","status":"publish","type":"page","link":"https:\/\/ciudadmedicaelsalvador.com\/index.php\/acerca-de-nosotros\/","title":{"rendered":"Acerca de Nosotros"},"content":{"rendered":"\t\t<div data-elementor-type=\"wp-page\" data-elementor-id=\"69\" class=\"elementor elementor-69\">\n\t\t\t\t\t\t<section class=\"elementor-section elementor-top-section elementor-element elementor-element-eed2eac elementor-section-boxed elementor-section-height-default elementor-section-height-default\" data-id=\"eed2eac\" data-element_type=\"section\">\n\t\t\t\t\t\t<div class=\"elementor-container elementor-column-gap-default\">\n\t\t\t\t\t<div class=\"elementor-column elementor-col-100 elementor-top-column elementor-element elementor-element-dd724bb\" data-id=\"dd724bb\" data-element_type=\"column\">\n\t\t\t<div class=\"elementor-widget-wrap elementor-element-populated\">\n\t\t\t\t\t\t<div class=\"elementor-element elementor-element-59c81db elementor-arrows-position-outside elementor-pagination-position-outside elementor-widget elementor-widget-image-carousel\" data-id=\"59c81db\" data-element_type=\"widget\" data-settings=\"{&quot;slides_to_show&quot;:&quot;1&quot;,&quot;navigation&quot;:&quot;both&quot;,&quot;autoplay&quot;:&quot;yes&quot;,&quot;pause_on_hover&quot;:&quot;yes&quot;,&quot;pause_on_interaction&quot;:&quot;yes&quot;,&quot;autoplay_speed&quot;:5000,&quot;infinite&quot;:&quot;yes&quot;,&quot;effect&quot;:&quot;slide&quot;,&quot;speed&quot;:500}\" data-widget_type=\"image-carousel.default\">\n\t\t\t\t<div class=\"elementor-widget-container\">\n\t\t\t\t\t\t\t<div class=\"elementor-image-carousel-wrapper swiper\" role=\"region\" aria-roledescription=\"carousel\" aria-label=\"Carrusel de im\u00e1genes\" dir=\"ltr\">\n\t\t\t<div class=\"elementor-image-carousel swiper-wrapper\" aria-live=\"off\">\n\t\t\t\t\t\t\t\t<div class=\"swiper-slide\" role=\"group\" aria-roledescription=\"slide\" aria-label=\"1 de 3\"><figure class=\"swiper-slide-inner\"><img decoding=\"async\" class=\"swiper-slide-image\" src=\"https:\/\/ciudadmedicaelsalvador.com\/wp-content\/uploads\/2023\/04\/bigstock-206866093-825x510-1.jpg\" alt=\"Acerca de\" \/><\/figure><\/div><div class=\"swiper-slide\" role=\"group\" aria-roledescription=\"slide\" aria-label=\"2 de 3\"><figure class=\"swiper-slide-inner\"><img decoding=\"async\" class=\"swiper-slide-image\" src=\"https:\/\/ciudadmedicaelsalvador.com\/wp-content\/uploads\/2023\/04\/dental-clinic.jpg\" alt=\"dental-clinic\" \/><\/figure><\/div><div class=\"swiper-slide\" role=\"group\" aria-roledescription=\"slide\" aria-label=\"3 de 3\"><figure class=\"swiper-slide-inner\"><img decoding=\"async\" class=\"swiper-slide-image\" src=\"https:\/\/ciudadmedicaelsalvador.com\/wp-content\/uploads\/2023\/04\/DMC5791_2_3.jpg\" alt=\"Fotograf\u00eda de Negocio Cl\u00ednica Dental Torres en C\/ Esparteros 7  celebrado el 14\/12\/2018.\" \/><\/figure><\/div>\t\t\t<\/div>\n\t\t\t\t\t\t\t\t\t\t\t\t<div class=\"elementor-swiper-button elementor-swiper-button-prev\" role=\"button\" tabindex=\"0\">\n\t\t\t\t\t\t<i aria-hidden=\"true\" class=\"eicon-chevron-left\"><\/i>\t\t\t\t\t<\/div>\n\t\t\t\t\t<div class=\"elementor-swiper-button elementor-swiper-button-next\" role=\"button\" tabindex=\"0\">\n\t\t\t\t\t\t<i aria-hidden=\"true\" class=\"eicon-chevron-right\"><\/i>\t\t\t\t\t<\/div>\n\t\t\t\t\n\t\t\t\t\t\t\t\t\t<div class=\"swiper-pagination\"><\/div>\n\t\t\t\t\t\t\t\t\t<\/div>\n\t\t\t\t\t\t<\/div>\n\t\t\t\t<\/div>\n\t\t\t\t\t<\/div>\n\t\t<\/div>\n\t\t\t\t\t<\/div>\n\t\t<\/section>\n\t\t\t\t<section class=\"elementor-section elementor-top-section elementor-element elementor-element-7b5f56c elementor-section-full_width elementor-section-height-default elementor-section-height-default\" data-id=\"7b5f56c\" data-element_type=\"section\">\n\t\t\t\t\t\t<div class=\"elementor-container elementor-column-gap-extended\">\n\t\t\t\t\t<div class=\"elementor-column elementor-col-100 elementor-top-column elementor-element elementor-element-2314e3e\" data-id=\"2314e3e\" data-element_type=\"column\">\n\t\t\t<div class=\"elementor-widget-wrap elementor-element-populated\">\n\t\t\t\t\t\t<div class=\"elementor-element elementor-element-e5034a8 elementor-widget elementor-widget-text-editor\" data-id=\"e5034a8\" data-element_type=\"widget\" data-widget_type=\"text-editor.default\">\n\t\t\t\t<div class=\"elementor-widget-container\">\n\t\t\t\t\t\t\t\t\t<p>Bienvenido a nuestra cl\u00ednica dental de odontolog\u00eda cosm\u00e9tica, donde ayudamos a nuestros pacientes a lograr sonrisas radiantes y saludables. Ofrecemos una amplia gama de tratamientos, desde implantes dentales hasta carillas y coronas de porcelana, para satisfacer todas sus necesidades de odontolog\u00eda cosm\u00e9tica.<\/p>\n<p>Nuestro equipo de profesionales altamente capacitados y experimentados est\u00e1 comprometido con brindarle la mejor atenci\u00f3n posible. Utilizamos las \u00faltimas t\u00e9cnicas y tecnolog\u00edas en odontolog\u00eda para asegurarnos de que nuestros pacientes obtengan resultados duraderos y satisfactorios.<\/p>\n<p>Ya sea que desee mejorar la apariencia de sus dientes o restaurar su funcionalidad, estamos aqu\u00ed para ayudarlo. Nos esforzamos por hacer que cada visita sea una experiencia agradable y sin estr\u00e9s. Adem\u00e1s, trabajamos con cada paciente para desarrollar un plan de tratamiento personalizado que se adapte a sus necesidades y presupuesto.<\/p>\n<p>No dude en explorar nuestro sitio web para obtener m\u00e1s informaci\u00f3n sobre nuestros servicios de odontolog\u00eda cosm\u00e9tica. Tambi\u00e9n puede programar una consulta para discutir sus opciones de tratamiento y comenzar el camino hacia una sonrisa m\u00e1s saludable y hermosa. \u00a1Esperamos verte pronto en nuestra cl\u00ednica dental!<\/p>\t\t\t\t\t\t\t\t<\/div>\n\t\t\t\t<\/div>\n\t\t\t\t\t<\/div>\n\t\t<\/div>\n\t\t\t\t\t<\/div>\n\t\t<\/section>\n\t\t\t\t<\/div>\n\t\t","protected":false},"excerpt":{"rendered":"<p>Anterior Siguiente Bienvenido a nuestra cl\u00ednica dental de odontolog\u00eda cosm\u00e9tica, donde ayudamos a nuestros pacientes a lograr sonrisas radiantes y saludables. Ofrecemos una amplia gama de tratamientos, desde implantes dentales hasta carillas y coronas de porcelana, para satisfacer todas sus necesidades de odontolog\u00eda cosm\u00e9tica. Nuestro equipo de profesionales altamente capacitados y experimentados est\u00e1 comprometido con &hellip; <\/p>\n<p class=\"link-more\"><a href=\"https:\/\/ciudadmedicaelsalvador.com\/index.php\/acerca-de-nosotros\/\" class=\"more-link\">Continuar leyendo<span class=\"screen-reader-text\"> \u00abAcerca de Nosotros\u00bb<\/span><\/a><\/p>\n","protected":false},"author":1,"featured_media":0,"parent":0,"menu_order":0,"comment_status":"closed","ping_status":"closed","template":"","meta":{"footnotes":""},"class_list":["post-69","page","type-page","status-publish","hentry"],"_links":{"self":[{"href":"https:\/\/ciudadmedicaelsalvador.com\/index.php\/wp-json\/wp\/v2\/pages\/69","targetHints":{"allow":["GET"]}}],"collection":[{"href":"https:\/\/ciudadmedicaelsalvador.com\/index.php\/wp-json\/wp\/v2\/pages"}],"about":[{"href":"https:\/\/ciudadmedicaelsalvador.com\/index.php\/wp-json\/wp\/v2\/types\/page"}],"author":[{"embeddable":true,"href":"https:\/\/ciudadmedicaelsalvador.com\/index.php\/wp-json\/wp\/v2\/users\/1"}],"replies":[{"embeddable":true,"href":"https:\/\/ciudadmedicaelsalvador.com\/index.php\/wp-json\/wp\/v2\/comments?post=69"}],"version-history":[{"count":24,"href":"https:\/\/ciudadmedicaelsalvador.com\/index.php\/wp-json\/wp\/v2\/pages\/69\/revisions"}],"predecessor-version":[{"id":157,"href":"https:\/\/ciudadmedicaelsalvador.com\/index.php\/wp-json\/wp\/v2\/pages\/69\/revisions\/157"}],"wp:attachment":[{"href":"https:\/\/ciudadmedicaelsalvador.com\/index.php\/wp-json\/wp\/v2\/media?parent=69"}],"curies":[{"name":"wp","href":"https:\/\/api.w.org\/{rel}","templated":true}]}}