{"id":73,"date":"2023-04-02T19:18:07","date_gmt":"2023-04-02T19:18:07","guid":{"rendered":"https:\/\/ciudadmedicaelsalvador.com\/?page_id=73"},"modified":"2023-04-08T17:53:30","modified_gmt":"2023-04-08T17:53:30","slug":"testimonios-y-casos","status":"publish","type":"page","link":"https:\/\/ciudadmedicaelsalvador.com\/index.php\/testimonios-y-casos\/","title":{"rendered":"Testimonios de nuestros Pacientes"},"content":{"rendered":"\t\t<div data-elementor-type=\"wp-page\" data-elementor-id=\"73\" class=\"elementor elementor-73\">\n\t\t\t\t\t\t<section class=\"elementor-section elementor-top-section elementor-element elementor-element-9a6d02c elementor-section-boxed elementor-section-height-default elementor-section-height-default\" data-id=\"9a6d02c\" data-element_type=\"section\">\n\t\t\t\t\t\t<div class=\"elementor-container elementor-column-gap-default\">\n\t\t\t\t\t<div class=\"elementor-column elementor-col-100 elementor-top-column elementor-element elementor-element-0f4334b\" data-id=\"0f4334b\" data-element_type=\"column\">\n\t\t\t<div class=\"elementor-widget-wrap elementor-element-populated\">\n\t\t\t\t\t\t<div class=\"elementor-element elementor-element-ba78853 elementor-widget__width-initial elementor-widget elementor-widget-heading\" data-id=\"ba78853\" data-element_type=\"widget\" data-widget_type=\"heading.default\">\n\t\t\t\t<div class=\"elementor-widget-container\">\n\t\t\t\t\t<h2 class=\"elementor-heading-title elementor-size-default\">Testimonios de nuestros Pacientes<\/h2>\t\t\t\t<\/div>\n\t\t\t\t<\/div>\n\t\t\t\t<div class=\"elementor-element elementor-element-ad04b13 elementor-widget__width-initial elementor-widget elementor-widget-text-editor\" data-id=\"ad04b13\" data-element_type=\"widget\" data-widget_type=\"text-editor.default\">\n\t\t\t\t<div class=\"elementor-widget-container\">\n\t\t\t\t\t\t\t\t\t<p>\u00a0<\/p><p>Estoy muy agradecido con la cl\u00ednica dental por el incre\u00edble trabajo que hicieron en mi sonrisa y super rapido solamente tenia 1 semana de tiempo ya que llegue desde Houston.<\/p><p><b>\u00a0\u00a0\u00a0\u00a0\u00a0\u00a0\u00a0\u00a0\u00a0\u00a0\u00a0\u00a0\u00a0\u00a0\u00a0\u00a0\u00a0\u00a0\u00a0\u00a0\u00a0\u00a0\u00a0\u00a0\u00a0\u00a0\u00a0\u00a0\u00a0\u00a0\u00a0\u00a0\u00a0\u00a0\u00a0\u00a0\u00a0\u00a0\u00a0\u00a0\u00a0\u00a0\u00a0\u00a0\u00a0\u00a0\u00a0\u00a0\u00a0\u00a0 Luis Andrade<\/b><\/p><p>Me sent\u00ed tan c\u00f3modo y bien atendido desde el momento en que entr\u00e9 por la puerta. Los profesionales de la cl\u00ednica me explicaron todo el proceso y respondieron todas mis preguntas con paciencia y amabilidad.<\/p><p><b>\u00a0\u00a0\u00a0\u00a0\u00a0\u00a0\u00a0\u00a0\u00a0\u00a0\u00a0\u00a0\u00a0\u00a0\u00a0\u00a0\u00a0\u00a0\u00a0\u00a0\u00a0\u00a0\u00a0\u00a0\u00a0\u00a0\u00a0\u00a0\u00a0\u00a0\u00a0\u00a0\u00a0\u00a0\u00a0\u00a0\u00a0\u00a0\u00a0\u00a0\u00a0\u00a0\u00a0\u00a0\u00a0\u00a0 Antonio <\/b><b>Rodriguez<\/b><\/p><p>Llegue a la clinica desde Miami y ahora tengo una sonrisa que me encanta y estoy segura de que volver\u00e9 para mi pr\u00f3xima visita.<\/p><p><b>\u00a0\u00a0\u00a0\u00a0\u00a0\u00a0\u00a0\u00a0\u00a0\u00a0\u00a0\u00a0\u00a0\u00a0\u00a0\u00a0\u00a0\u00a0\u00a0\u00a0\u00a0\u00a0\u00a0\u00a0\u00a0\u00a0\u00a0\u00a0\u00a0\u00a0\u00a0\u00a0\u00a0\u00a0\u00a0\u00a0\u00a0\u00a0\u00a0\u00a0\u00a0\u00a0\u00a0\u00a0\u00a0\u00a0 Anita de <\/b><b>Carcamo<\/b><\/p><p>Recomiendo altamente la cl\u00ednica dental. Sin dudas mi viaje no fue en vano. El personal es extremadamente amable y atento, y los dentistas son muy talentosos.<\/p><p><b>\u00a0\u00a0\u00a0\u00a0\u00a0\u00a0\u00a0\u00a0\u00a0\u00a0\u00a0\u00a0\u00a0\u00a0\u00a0\u00a0\u00a0\u00a0\u00a0\u00a0\u00a0\u00a0 \u00a0 \u00a0 \u00a0 \u00a0 \u00a0 \u00a0 \u00a0 \u00a0 \u00a0 \u00a0 \u00a0 \u00a0\u00a0 Roberto Villacorta<\/b><\/p><p>Me hicieron sentir c\u00f3moda y segura durante todo el procedimiento de implantes dentales. Me sorprendi\u00f3 lo r\u00e1pido y sin dolor que fue el proceso. Ahora tengo una sonrisa perfecta gracias a ellos.<\/p><p><b>\u00a0\u00a0\u00a0\u00a0\u00a0\u00a0\u00a0\u00a0\u00a0\u00a0\u00a0\u00a0\u00a0\u00a0\u00a0\u00a0\u00a0\u00a0\u00a0\u00a0\u00a0\u00a0\u00a0\u00a0\u00a0\u00a0\u00a0\u00a0\u00a0\u00a0\u00a0\u00a0\u00a0\u00a0\u00a0\u00a0\u00a0\u00a0\u00a0\u00a0\u00a0\u00a0\u00a0\u00a0 Maria<\/b> <b>Perez<\/b><b> de Cruz<\/b><\/p><p>Fui por una limpieza y tambi\u00e9n me hicieron un blanqueamiento dental. El resultado fue impresionante. Los recomiendo completamente.<\/p><p><b>\u00a0\u00a0\u00a0\u00a0\u00a0\u00a0\u00a0\u00a0\u00a0\u00a0\u00a0\u00a0\u00a0\u00a0\u00a0\u00a0\u00a0\u00a0\u00a0\u00a0\u00a0\u00a0\u00a0\u00a0\u00a0\u00a0\u00a0\u00a0\u00a0\u00a0\u00a0\u00a0\u00a0\u00a0\u00a0\u00a0\u00a0\u00a0\u00a0\u00a0\u00a0\u00a0\u00a0\u00a0\u00a0 Francisco Benavides<\/b><\/p><p><b>\u00a0<\/b><\/p>\t\t\t\t\t\t\t\t<\/div>\n\t\t\t\t<\/div>\n\t\t\t\t\t<\/div>\n\t\t<\/div>\n\t\t\t\t\t<\/div>\n\t\t<\/section>\n\t\t\t\t<\/div>\n\t\t","protected":false},"excerpt":{"rendered":"<p>Testimonios de nuestros Pacientes \u00a0 Estoy muy agradecido con la cl\u00ednica dental por el incre\u00edble trabajo que hicieron en mi sonrisa y super rapido solamente tenia 1 semana de tiempo ya que llegue desde Houston. \u00a0\u00a0\u00a0\u00a0\u00a0\u00a0\u00a0\u00a0\u00a0\u00a0\u00a0\u00a0\u00a0\u00a0\u00a0\u00a0\u00a0\u00a0\u00a0\u00a0\u00a0\u00a0\u00a0\u00a0\u00a0\u00a0\u00a0\u00a0\u00a0\u00a0\u00a0\u00a0\u00a0\u00a0\u00a0\u00a0\u00a0\u00a0\u00a0\u00a0\u00a0\u00a0\u00a0\u00a0\u00a0\u00a0\u00a0\u00a0\u00a0\u00a0 Luis Andrade Me sent\u00ed tan c\u00f3modo y bien atendido desde el momento en que entr\u00e9 por la puerta. Los &hellip; <\/p>\n<p class=\"link-more\"><a href=\"https:\/\/ciudadmedicaelsalvador.com\/index.php\/testimonios-y-casos\/\" class=\"more-link\">Continuar leyendo<span class=\"screen-reader-text\"> \u00abTestimonios de nuestros Pacientes\u00bb<\/span><\/a><\/p>\n","protected":false},"author":1,"featured_media":0,"parent":0,"menu_order":0,"comment_status":"closed","ping_status":"closed","template":"","meta":{"footnotes":""},"class_list":["post-73","page","type-page","status-publish","hentry"],"_links":{"self":[{"href":"https:\/\/ciudadmedicaelsalvador.com\/index.php\/wp-json\/wp\/v2\/pages\/73","targetHints":{"allow":["GET"]}}],"collection":[{"href":"https:\/\/ciudadmedicaelsalvador.com\/index.php\/wp-json\/wp\/v2\/pages"}],"about":[{"href":"https:\/\/ciudadmedicaelsalvador.com\/index.php\/wp-json\/wp\/v2\/types\/page"}],"author":[{"embeddable":true,"href":"https:\/\/ciudadmedicaelsalvador.com\/index.php\/wp-json\/wp\/v2\/users\/1"}],"replies":[{"embeddable":true,"href":"https:\/\/ciudadmedicaelsalvador.com\/index.php\/wp-json\/wp\/v2\/comments?post=73"}],"version-history":[{"count":39,"href":"https:\/\/ciudadmedicaelsalvador.com\/index.php\/wp-json\/wp\/v2\/pages\/73\/revisions"}],"predecessor-version":[{"id":268,"href":"https:\/\/ciudadmedicaelsalvador.com\/index.php\/wp-json\/wp\/v2\/pages\/73\/revisions\/268"}],"wp:attachment":[{"href":"https:\/\/ciudadmedicaelsalvador.com\/index.php\/wp-json\/wp\/v2\/media?parent=73"}],"curies":[{"name":"wp","href":"https:\/\/api.w.org\/{rel}","templated":true}]}}